{"id":711,"date":"2023-09-16T09:37:44","date_gmt":"2023-09-16T09:37:44","guid":{"rendered":"http:\/\/newresidenciarutaplata.com.s111-117.furanet.com\/?page_id=711"},"modified":"2023-09-16T09:38:20","modified_gmt":"2023-09-16T09:38:20","slug":"politica-de-privacidad-de-datos","status":"publish","type":"page","link":"https:\/\/www.residenciarutaplata.com\/en\/politica-de-privacidad-de-datos\/","title":{"rendered":"Pol\u00edtica de privacidad de datos"},"content":{"rendered":"<style>.elementor-711 .elementor-element.elementor-element-12e38bf8 > .elementor-container{max-width:1300px;min-height:400px;}.elementor-711 .elementor-element.elementor-element-12e38bf8:not(.elementor-motion-effects-element-type-background), .elementor-711 .elementor-element.elementor-element-12e38bf8 > .elementor-motion-effects-container > .elementor-motion-effects-layer{background-image:url(\"https:\/\/www.residenciarutaplata.com\/wp-content\/uploads\/2023\/09\/slide3.jpg\");background-position:center center;background-repeat:no-repeat;background-size:cover;}.elementor-711 .elementor-element.elementor-element-12e38bf8 > .elementor-background-overlay{background-color:#000000;opacity:0.5;transition:background 0.3s, border-radius 0.3s, opacity 0.3s;}.elementor-711 .elementor-element.elementor-element-12e38bf8{transition:background 0.3s, border 0.3s, border-radius 0.3s, box-shadow 0.3s;margin-top:0px;margin-bottom:0px;padding:0px 0px 0px 0px;}.elementor-711 .elementor-element.elementor-element-2ed3e11f{text-align:start;}.elementor-711 .elementor-element.elementor-element-2ed3e11f .elementor-heading-title{font-family:\"Noto Sans\", Sans-serif;font-size:48px;font-weight:800;color:#FFFFFF;}.elementor-711 .elementor-element.elementor-element-3307c12c{text-align:end;font-family:var( --e-global-typography-035c0ac-font-family ), Sans-serif;font-size:var( --e-global-typography-035c0ac-font-size );font-weight:var( --e-global-typography-035c0ac-font-weight );line-height:var( --e-global-typography-035c0ac-line-height );letter-spacing:var( --e-global-typography-035c0ac-letter-spacing );word-spacing:var( --e-global-typography-035c0ac-word-spacing );color:var( --e-global-color-e9f01f8 );width:auto;max-width:auto;}.elementor-711 .elementor-element.elementor-element-3307c12c > .elementor-widget-container{margin:0px 0px 0px 0px;padding:0px 5px 0px 15px;border-style:solid;border-width:0px 0px 0px 02px;border-color:var( --e-global-color-e9f01f8 );}.elementor-711 .elementor-element.elementor-element-7fa84cbb{text-align:end;font-family:var( --e-global-typography-035c0ac-font-family ), Sans-serif;font-size:var( --e-global-typography-035c0ac-font-size );font-weight:var( --e-global-typography-035c0ac-font-weight );line-height:var( --e-global-typography-035c0ac-line-height );letter-spacing:var( --e-global-typography-035c0ac-letter-spacing );word-spacing:var( --e-global-typography-035c0ac-word-spacing );color:#FFFFFF;width:auto;max-width:auto;}.elementor-711 .elementor-element.elementor-element-7fa84cbb > .elementor-widget-container{margin:0px 0px 0px 0px;padding:0px 0px 0px 0px;}.elementor-711 .elementor-element.elementor-element-ed4f621 > .elementor-container{max-width:1300px;}.elementor-711 .elementor-element.elementor-element-ed4f621 > .elementor-container > .elementor-column > .elementor-widget-wrap{align-content:center;align-items:center;}.elementor-711 .elementor-element.elementor-element-ed4f621{transition:background 0.3s, border 0.3s, border-radius 0.3s, box-shadow 0.3s;padding:80px 0px 80px 0px;}.elementor-711 .elementor-element.elementor-element-ed4f621 > .elementor-background-overlay{transition:background 0.3s, border-radius 0.3s, opacity 0.3s;}.elementor-711 .elementor-element.elementor-element-049c46b{text-align:justify;font-family:var( --e-global-typography-text-font-family ), Sans-serif;font-size:var( --e-global-typography-text-font-size );font-weight:var( --e-global-typography-text-font-weight );color:var( --e-global-color-text );}@media(max-width:1024px){.elementor-711 .elementor-element.elementor-element-12e38bf8 > .elementor-container{min-height:250px;}.elementor-711 .elementor-element.elementor-element-12e38bf8{margin-top:0px;margin-bottom:0px;padding:0px 20px 0px 20px;}.elementor-711 .elementor-element.elementor-element-6b5424ae > .elementor-element-populated{margin:0px 0px 0px 10px;--e-column-margin-right:0px;--e-column-margin-left:10px;}.elementor-711 .elementor-element.elementor-element-3307c12c{font-size:var( --e-global-typography-035c0ac-font-size );line-height:var( --e-global-typography-035c0ac-line-height );letter-spacing:var( --e-global-typography-035c0ac-letter-spacing );word-spacing:var( --e-global-typography-035c0ac-word-spacing );}.elementor-711 .elementor-element.elementor-element-7fa84cbb{font-size:var( --e-global-typography-035c0ac-font-size );line-height:var( --e-global-typography-035c0ac-line-height );letter-spacing:var( --e-global-typography-035c0ac-letter-spacing );word-spacing:var( --e-global-typography-035c0ac-word-spacing );}.elementor-711 .elementor-element.elementor-element-ed4f621{padding:040px 20px 40px 20px;}.elementor-711 .elementor-element.elementor-element-049c46b{font-size:var( --e-global-typography-text-font-size );}}@media(max-width:767px){.elementor-711 .elementor-element.elementor-element-3307c12c{font-size:var( --e-global-typography-035c0ac-font-size );line-height:var( --e-global-typography-035c0ac-line-height );letter-spacing:var( --e-global-typography-035c0ac-letter-spacing );word-spacing:var( --e-global-typography-035c0ac-word-spacing );}.elementor-711 .elementor-element.elementor-element-7fa84cbb{font-size:var( --e-global-typography-035c0ac-font-size );line-height:var( --e-global-typography-035c0ac-line-height );letter-spacing:var( --e-global-typography-035c0ac-letter-spacing );word-spacing:var( --e-global-typography-035c0ac-word-spacing );}.elementor-711 .elementor-element.elementor-element-ed4f621{padding:40px 20px 40px 20px;}.elementor-711 .elementor-element.elementor-element-049c46b{font-size:var( --e-global-typography-text-font-size );}}<\/style>\t\t<div data-elementor-type=\"wp-page\" data-elementor-id=\"711\" class=\"elementor elementor-711\" data-elementor-post-type=\"page\">\n\t\t\t\t\t\t<section class=\"elementor-section elementor-top-section elementor-element elementor-element-12e38bf8 elementor-section-height-min-height elementor-section-boxed elementor-section-height-default elementor-section-items-middle\" data-id=\"12e38bf8\" data-element_type=\"section\" data-e-type=\"section\" data-settings=\"{&quot;background_background&quot;:&quot;classic&quot;}\">\n\t\t\t\t\t\t\t<div class=\"elementor-background-overlay\"><\/div>\n\t\t\t\t\t\t\t<div class=\"elementor-container elementor-column-gap-no\">\n\t\t\t\t\t<div class=\"elementor-column elementor-col-100 elementor-top-column elementor-element elementor-element-6b5424ae\" data-id=\"6b5424ae\" data-element_type=\"column\" data-e-type=\"column\">\n\t\t\t<div class=\"elementor-widget-wrap elementor-element-populated\">\n\t\t\t\t\t\t<div class=\"elementor-element elementor-element-3307c12c elementor-widget__width-auto elementor-widget elementor-widget-text-editor\" data-id=\"3307c12c\" data-element_type=\"widget\" data-e-type=\"widget\" data-widget_type=\"text-editor.default\">\n\t\t\t\t<div class=\"elementor-widget-container\">\n\t\t\t\t\t\t\t\t\t<p>Inicio\/<\/p>\t\t\t\t\t\t\t\t<\/div>\n\t\t\t\t<\/div>\n\t\t\t\t\t<\/div>\n\t\t<\/div>\n\t\t\t\t\t<\/div>\n\t\t<\/section>\n\t\t\t\t<section class=\"elementor-section elementor-top-section elementor-element elementor-element-ed4f621 elementor-section-content-middle elementor-reverse-tablet elementor-reverse-mobile elementor-section-boxed elementor-section-height-default elementor-section-height-default\" data-id=\"ed4f621\" data-element_type=\"section\" data-e-type=\"section\" data-settings=\"{&quot;background_background&quot;:&quot;classic&quot;}\">\n\t\t\t\t\t\t\t<div class=\"elementor-background-overlay\"><\/div>\n\t\t\t\t\t\t\t<div class=\"elementor-container elementor-column-gap-default\">\n\t\t\t\t\t<div class=\"elementor-column elementor-col-100 elementor-top-column elementor-element elementor-element-a4a7d22\" data-id=\"a4a7d22\" data-element_type=\"column\" data-e-type=\"column\">\n\t\t\t<div class=\"elementor-widget-wrap elementor-element-populated\">\n\t\t\t\t\t\t<div class=\"elementor-element elementor-element-049c46b elementor-widget elementor-widget-text-editor\" data-id=\"049c46b\" data-element_type=\"widget\" data-e-type=\"widget\" data-widget_type=\"text-editor.default\">\n\t\t\t\t<div class=\"elementor-widget-container\">\n\t\t\t\t\t\t\t\t\t<p>La presente pol\u00edtica de privadcidad de datos regula el uso del servicio del portal de Internet http:\/\/www.residenciarutaplata.com (en adelante \u00abWeb\u00bb) de ELISA GARCIA VIGAL con domicilio social en C\/ Isabel Allende, 11 &#8211; 41210 Guillena (Sevilla) y NIF: 28488528S.<br \/><br \/>Datos registrales de inscripci\u00f3n:<br \/>De conformidad con lo dispuesto en la Ley Org\u00e1nica de Protecci\u00f3n de Datos de Car\u00e1cter Personal (LOPD), el responsable del sitio web, informa a todos los usuarios del sitio web que faciliten o vayan a facilitar sus datos personales, que estos ser\u00e1n tratados con la finalidad de gesti\u00f3n y control de las relaciones contractuales, as\u00ed como para la actividad de publicidad o de prospecci\u00f3n comercial sobre nuestros productos y servicios.\u00a0<\/p><p><strong>\u00bfQui\u00e9n es el Responsable del tratamiento de sus datos personales?<\/strong><br \/>Nombre Comercial: Residencia Ruta de la Plata<br \/>Domicilio Social: C\/ Isabel Allende, 11 &#8211; 41210 Guillena (Sevilla)<br \/>NIF: 28488528S<br \/>Tel\u00e9fono: 630 36 30 79<br \/>Correo electr\u00f3nico: info@residenciarutaplata.com<br \/><br \/><strong>\u00bfCon qu\u00e9 finalidad tratamos sus datos personales?<\/strong>\u00a0El Responsable trata sus datos personales con la finalidad de gesti\u00f3n y control de las relaciones contractuales, as\u00ed como para la actividad de publicidad o de prospecci\u00f3n comercial sobre nuestros productos y servicios.<br \/><br \/><strong>\u00bfPor cu\u00e1nto tiempo conservaremos sus datos?<\/strong><br \/>Los datos personales proporcionados se conservar\u00e1n mientras se mantenga la relaci\u00f3n comercial o durante los a\u00f1os necesarios para cumplir con las obligaciones legales.<br \/><br \/><strong>\u00bfCu\u00e1l es la legitimaci\u00f3n para el tratamiento de sus datos personales?<\/strong><br \/>La base legal para el tratamiento de sus datos es su consentimiento inequ\u00edvoco.<br \/><br \/><strong>\u00bfQui\u00e9nes son los destinatarios de sus datos personales?<\/strong><br \/>No se ceder\u00e1n datos a terceros, salvo obligaci\u00f3n legal.<br \/><br \/><strong>\u00bfCu\u00e1les son sus derechos cuando nos facilita sus datos?<\/strong><br \/>Cualquier persona tiene derecho a obtener confirmaci\u00f3n sobre si estamos tratando datos personales que les conciernen, o no.<br \/>Las personas interesadas tienen derecho a acceder a sus datos personales, as\u00ed como a solicitar la rectificaci\u00f3n de los datos inexactos o, en su caso, solicitar su supresi\u00f3n cuando, entre otros motivos, los datos ya no sean necesarios para los fines que fueron recogidos.<br \/>En determinadas circunstancias, los interesados podr\u00e1n solicitar la limitaci\u00f3n del tratamiento de sus datos, en cuyo caso \u00fanicamente los conservaremos para el ejercicio o la defensa de reclamaciones. En determinadas circunstancias y por motivos relacionados con su situaci\u00f3n particular, los interesados podr\u00e1n oponerse al tratamiento de sus datos. Dejaremos de tratar los datos, salvo por motivos leg\u00edtimos imperiosos, o el ejercicio o la defensa de posibles reclamaciones.<br \/>Para ejercer cualquiera de estos derechos puede contactar con nosotros a trav\u00e9s de los medios de contacto facilitados del Responsable. Todos los datos solicitados a trav\u00e9s del sitio web son obligatorios, ya que son necesarios para la prestaci\u00f3n de un servicio \u00f3ptimo al usuario. En caso de que no sean facilitados todos los datos, el prestador no garantiza que la informaci\u00f3n y servicios facilitados sean completamente ajustados a sus necesidades.<br \/>Del mismo modo, el usuario podr\u00e1 darse de baja de cualquiera de los servicios de suscripci\u00f3n facilitados haciendo clic en el apartado darse de baja de todos los correos electr\u00f3nicos remitidos por parte del prestador.<br \/>Del mismo modo, el prestador ha adoptado todas las medidas t\u00e9cnicas y organizativas necesarias para garantizar la seguridad e integridad de los datos de car\u00e1cter personal que trate, as\u00ed como para evitar su p\u00e9rdida, alteraci\u00f3n y\/o acceso por parte de terceros no autorizados.<br \/><br \/><strong>USO DE COOKIES<\/strong><br \/>Una cookie es un fichero que se descarga en su ordenador al acceder a determinadas p\u00e1ginas web. Las cookies permiten a una p\u00e1gina web, entre otras cosas, almacenar y recuperar informaci\u00f3n sobre los h\u00e1bitos de navegaci\u00f3n de un usuario o de su equipo y, dependiendo de la informaci\u00f3n que contengan y de la forma en que utilice su equipo, pueden utilizarse para reconocer al usuario.<br \/>Quedan exceptuadas del cumplimiento de las obligaciones establecidas en el art\u00edculo 22.2 de la Ley 34\/2002 LSSICE las cookies utilizadas para alguna de las siguientes finalidades:<br \/>* Criterio A: Permitir \u00fanicamente la comunicaci\u00f3n entre el equipo del usuario y la red.<br \/>* Criterio B: Estrictamente prestar un servicio expresamente solicitado por el usuario.<br \/>Es decir, entre las cookies exceptuadas estar\u00edan aquellas que tienen por finalidad:<br \/>* Cookies de \u00abentrada del usuario\u00bb<br \/>* Cookies de autenticaci\u00f3n o identificaci\u00f3n de usuario (\u00fanicamente de sesi\u00f3n)<br \/>* Cookies de seguridad del usuario<br \/>* Cookies de sesi\u00f3n de reproductor multimedia<br \/>* Cookies de sesi\u00f3n para equilibrar la carga<br \/>* Cookies de personalizaci\u00f3n de la interfaz de usuario<br \/>* Cookies de complemento (plug-in) para intercambiar contenidos sociales<br \/>En el caso del Criterio B la cookie que ofrezca un servicio de la sociedad de la informaci\u00f3n tendr\u00eda que reunir las dos condiciones siguientes:<br \/>* que la cookie sea necesaria para prestar una funcionalidad espec\u00edfica al usuario (o abonado): si las cookies no funcionan, la funcionalidad no se prestar\u00e1<br \/>* que la funcionalidad haya sido solicitada expl\u00edcitamente por el usuario (o abonado), como parte de un servicio de la sociedad de la informaci\u00f3n<br \/>En el caso de que este sitio web use cookies no excluidas del \u00e1mbito de aplicaci\u00f3n de esta normativa legal utilizar\u00e1 un sistema de informaci\u00f3n en dos capas.<br \/><br \/>En la primera capa mostrar\u00e1 la informaci\u00f3n esencial sobre la existencia de cookies, si son propias o de terceros y las finalidades de las cookies empleadas, as\u00ed como los modos de prestar el consentimiento. En la segunda capa, informar\u00eda sobre qu\u00e9 son y para qu\u00e9 se utilizan las cookies, los tipos de cookies utilizadas y su finalidad, as\u00ed como la forma de desactivar o eliminar las cookies enunciadas a trav\u00e9s de las funcionalidades facilitadas por el editor, las herramientas proporcionadas por el navegador o el terminal o a trav\u00e9s de las plataformas comunes que pudieran existir, para esta finalidad o en su caso, la forma de revocaci\u00f3n del consentimiento ya prestado. Tambi\u00e9n en esta segunda capa ofrecer\u00e1 informaci\u00f3n sobre la identificaci\u00f3n de quien utiliza las cookies, esto es, si la informaci\u00f3n obtenida por las cookies es tratada solo por el editor y\/o tambi\u00e9n por terceros. Con la identificaci\u00f3n de aquellos con los que haya contratado o cuyos servicios ha decidido integrar el editor.<br \/><br \/><strong>DIRECCIONES IP<\/strong><br \/>Los servidores del sitio web podr\u00e1n detectar de manera autom\u00e1tica la direcci\u00f3n IP y el nombre de dominio utilizados por el usuario. Una direcci\u00f3n IP es un n\u00famero asignado autom\u00e1ticamente a un ordenador cuando \u00e9ste se conecta a Internet. Toda esta informaci\u00f3n es registrada en un fichero de actividad del servidor debidamente inscrito que permite el posterior procesamiento de los datos con el fin de obtener mediciones \u00fanicamente estad\u00edsticas que permitan conocer el n\u00famero de impresiones de p\u00e1ginas, el n\u00famero de visitas realizadas a los servicios web, el orden de visitas, el punto de acceso, etc.<br \/><br \/><strong>SEGURIDAD<\/strong><br \/>El sitio web utiliza t\u00e9cnicas de seguridad de la informaci\u00f3n generalmente aceptadas en la industria, tales como firewalls, procedimientos de control de acceso y mecanismos criptogr\u00e1ficos, todo ello con el objeto de evitar el acceso no autorizado a los datos. Para lograr estos fines, el usuario\/cliente acepta que el prestador obtenga datos para efectos de la correspondiente autenticaci\u00f3n de los controles de acceso.<br \/>Todo proceso que conlleve la introducci\u00f3n de datos personales de car\u00e1cter alto (salud, ideolog\u00eda, \u2026) ser\u00e1n siempre transmitidos mediante protocolo de comunicaci\u00f3n segura (https:\/\/\u2026) con certificado SSL, de tal forma que ning\u00fan tercero tenga acceso a la informaci\u00f3n transmitida v\u00eda electr\u00f3nica.<\/p>\t\t\t\t\t\t\t\t<\/div>\n\t\t\t\t<\/div>\n\t\t\t\t\t<\/div>\n\t\t<\/div>\n\t\t\t\t\t<\/div>\n\t\t<\/section>\n\t\t\t\t<\/div>","protected":false},"excerpt":{"rendered":"<p>Inicio\/ La presente pol\u00edtica de privadcidad de datos regula el uso del servicio del portal de Internet http:\/\/www.residenciarutaplata.com (en adelante \u00abWeb\u00bb) de ELISA GARCIA VIGAL con domicilio social en C\/ Isabel Allende, 11 &#8211; 41210 Guillena (Sevilla) y NIF: 28488528S. Datos registrales de inscripci\u00f3n:De conformidad con lo dispuesto en la Ley Org\u00e1nica de Protecci\u00f3n de&hellip;&nbsp;<a href=\"https:\/\/www.residenciarutaplata.com\/en\/politica-de-privacidad-de-datos\/\" rel=\"bookmark\"><span class=\"screen-reader-text\">Pol\u00edtica de privacidad de datos<\/span><\/a><\/p>","protected":false},"author":2,"featured_media":0,"parent":0,"menu_order":0,"comment_status":"closed","ping_status":"closed","template":"page-templates\/template-pagebuilder-full-width.php","meta":{"om_disable_all_campaigns":false,"_monsterinsights_skip_tracking":false,"_monsterinsights_sitenote_active":false,"_monsterinsights_sitenote_note":"","_monsterinsights_sitenote_category":0,"_uf_show_specific_survey":0,"_uf_disable_surveys":false,"neve_meta_sidebar":"","neve_meta_container":"","neve_meta_enable_content_width":"off","neve_meta_content_width":100,"neve_meta_title_alignment":"","neve_meta_author_avatar":"","neve_post_elements_order":"","neve_meta_disable_header":"","neve_meta_disable_footer":"","neve_meta_disable_title":"","footnotes":""},"class_list":["post-711","page","type-page","status-publish","hentry"],"aioseo_notices":[],"_links":{"self":[{"href":"https:\/\/www.residenciarutaplata.com\/en\/wp-json\/wp\/v2\/pages\/711","targetHints":{"allow":["GET"]}}],"collection":[{"href":"https:\/\/www.residenciarutaplata.com\/en\/wp-json\/wp\/v2\/pages"}],"about":[{"href":"https:\/\/www.residenciarutaplata.com\/en\/wp-json\/wp\/v2\/types\/page"}],"author":[{"embeddable":true,"href":"https:\/\/www.residenciarutaplata.com\/en\/wp-json\/wp\/v2\/users\/2"}],"replies":[{"embeddable":true,"href":"https:\/\/www.residenciarutaplata.com\/en\/wp-json\/wp\/v2\/comments?post=711"}],"version-history":[{"count":4,"href":"https:\/\/www.residenciarutaplata.com\/en\/wp-json\/wp\/v2\/pages\/711\/revisions"}],"predecessor-version":[{"id":715,"href":"https:\/\/www.residenciarutaplata.com\/en\/wp-json\/wp\/v2\/pages\/711\/revisions\/715"}],"wp:attachment":[{"href":"https:\/\/www.residenciarutaplata.com\/en\/wp-json\/wp\/v2\/media?parent=711"}],"curies":[{"name":"wp","href":"https:\/\/api.w.org\/{rel}","templated":true}]}}