{"id":478,"date":"2023-09-14T14:40:31","date_gmt":"2023-09-14T14:40:31","guid":{"rendered":"http:\/\/newresidenciarutaplata.com.s111-117.furanet.com\/?page_id=478"},"modified":"2024-01-23T17:32:10","modified_gmt":"2024-01-23T17:32:10","slug":"peluqueria-y-bano","status":"publish","type":"page","link":"https:\/\/www.residenciarutaplata.com\/en\/peluqueria-y-bano\/","title":{"rendered":"Peluquer\u00eda y ba\u00f1o"},"content":{"rendered":"<style>.elementor-478 .elementor-element.elementor-element-12e38bf8 > .elementor-container{max-width:1300px;min-height:400px;}.elementor-478 .elementor-element.elementor-element-12e38bf8:not(.elementor-motion-effects-element-type-background), .elementor-478 .elementor-element.elementor-element-12e38bf8 > .elementor-motion-effects-container > .elementor-motion-effects-layer{background-image:url(\"https:\/\/www.residenciarutaplata.com\/wp-content\/uploads\/2023\/09\/peluqueria-c.jpg\");background-position:center center;background-repeat:no-repeat;background-size:cover;}.elementor-478 .elementor-element.elementor-element-12e38bf8 > .elementor-background-overlay{background-color:#000000;opacity:0.5;transition:background 0.3s, border-radius 0.3s, opacity 0.3s;}.elementor-478 .elementor-element.elementor-element-12e38bf8{transition:background 0.3s, border 0.3s, border-radius 0.3s, box-shadow 0.3s;margin-top:0px;margin-bottom:0px;padding:0px 0px 0px 0px;}.elementor-478 .elementor-element.elementor-element-2ed3e11f{text-align:start;}.elementor-478 .elementor-element.elementor-element-2ed3e11f .elementor-heading-title{font-family:\"Noto Sans\", Sans-serif;font-size:48px;font-weight:800;color:#FFFFFF;}.elementor-478 .elementor-element.elementor-element-3307c12c{text-align:end;font-family:var( --e-global-typography-035c0ac-font-family ), Sans-serif;font-size:var( --e-global-typography-035c0ac-font-size );font-weight:var( --e-global-typography-035c0ac-font-weight );line-height:var( --e-global-typography-035c0ac-line-height );letter-spacing:var( --e-global-typography-035c0ac-letter-spacing );word-spacing:var( --e-global-typography-035c0ac-word-spacing );color:var( --e-global-color-e9f01f8 );width:auto;max-width:auto;}.elementor-478 .elementor-element.elementor-element-3307c12c > .elementor-widget-container{margin:0px 0px 0px 0px;padding:0px 5px 0px 15px;border-style:solid;border-width:0px 0px 0px 02px;border-color:var( --e-global-color-e9f01f8 );}.elementor-478 .elementor-element.elementor-element-7fa84cbb{text-align:end;font-family:var( --e-global-typography-035c0ac-font-family ), Sans-serif;font-size:var( --e-global-typography-035c0ac-font-size );font-weight:var( --e-global-typography-035c0ac-font-weight );line-height:var( --e-global-typography-035c0ac-line-height );letter-spacing:var( --e-global-typography-035c0ac-letter-spacing );word-spacing:var( --e-global-typography-035c0ac-word-spacing );color:#FFFFFF;width:auto;max-width:auto;}.elementor-478 .elementor-element.elementor-element-7fa84cbb > .elementor-widget-container{margin:0px 0px 0px 0px;padding:0px 0px 0px 0px;}.elementor-478 .elementor-element.elementor-element-ed4f621 > .elementor-container{max-width:1300px;}.elementor-478 .elementor-element.elementor-element-ed4f621 > .elementor-container > .elementor-column > .elementor-widget-wrap{align-content:center;align-items:center;}.elementor-478 .elementor-element.elementor-element-ed4f621{transition:background 0.3s, border 0.3s, border-radius 0.3s, box-shadow 0.3s;padding:80px 0px 80px 0px;}.elementor-478 .elementor-element.elementor-element-ed4f621 > .elementor-background-overlay{transition:background 0.3s, border-radius 0.3s, opacity 0.3s;}.elementor-478 .elementor-element.elementor-element-eb6991a{text-align:center;}.elementor-478 .elementor-element.elementor-element-eb6991a .elementor-heading-title{font-family:var( --e-global-typography-c536074-font-family ), Sans-serif;font-size:var( --e-global-typography-c536074-font-size );font-weight:var( --e-global-typography-c536074-font-weight );line-height:var( --e-global-typography-c536074-line-height );letter-spacing:var( --e-global-typography-c536074-letter-spacing );word-spacing:var( --e-global-typography-c536074-word-spacing );color:#000000;}.elementor-478 .elementor-element.elementor-element-6f099c0{margin-top:30px;margin-bottom:0px;}.elementor-bc-flex-widget .elementor-478 .elementor-element.elementor-element-cac30ab.elementor-column .elementor-widget-wrap{align-items:center;}.elementor-478 .elementor-element.elementor-element-cac30ab.elementor-column.elementor-element[data-element_type=\"column\"] > .elementor-widget-wrap.elementor-element-populated{align-content:center;align-items:center;}.elementor-478 .elementor-element.elementor-element-cac30ab:not(.elementor-motion-effects-element-type-background) > .elementor-widget-wrap, .elementor-478 .elementor-element.elementor-element-cac30ab > .elementor-widget-wrap > .elementor-motion-effects-container > .elementor-motion-effects-layer{background-color:#FFFFFF00;}.elementor-478 .elementor-element.elementor-element-cac30ab > .elementor-element-populated, .elementor-478 .elementor-element.elementor-element-cac30ab > .elementor-element-populated > .elementor-background-overlay, .elementor-478 .elementor-element.elementor-element-cac30ab > .elementor-background-slideshow{border-radius:10px 10px 0px 0px;}.elementor-478 .elementor-element.elementor-element-cac30ab > .elementor-element-populated{transition:background 0.3s, border 0.3s, border-radius 0.3s, box-shadow 0.3s;margin:0px 0px 0px 0px;--e-column-margin-right:0px;--e-column-margin-left:0px;padding:0px 0px 0px 0px;}.elementor-478 .elementor-element.elementor-element-cac30ab > .elementor-element-populated > .elementor-background-overlay{transition:background 0.3s, border-radius 0.3s, opacity 0.3s;}.elementor-478 .elementor-element.elementor-element-8d71b8c{text-align:center;}.elementor-478 .elementor-element.elementor-element-8d71b8c img{width:50%;border-radius:10px 10px 10px 10px;}.elementor-478 .elementor-element.elementor-element-8d71b8c > .elementor-widget-container{margin:0px 0px 0px 0px;}.elementor-bc-flex-widget .elementor-478 .elementor-element.elementor-element-19c21e2.elementor-column .elementor-widget-wrap{align-items:center;}.elementor-478 .elementor-element.elementor-element-19c21e2.elementor-column.elementor-element[data-element_type=\"column\"] > .elementor-widget-wrap.elementor-element-populated{align-content:center;align-items:center;}.elementor-478 .elementor-element.elementor-element-19c21e2:not(.elementor-motion-effects-element-type-background) > .elementor-widget-wrap, .elementor-478 .elementor-element.elementor-element-19c21e2 > .elementor-widget-wrap > .elementor-motion-effects-container > .elementor-motion-effects-layer{background-color:#FFFFFF00;}.elementor-478 .elementor-element.elementor-element-19c21e2 > .elementor-element-populated, .elementor-478 .elementor-element.elementor-element-19c21e2 > .elementor-element-populated > .elementor-background-overlay, .elementor-478 .elementor-element.elementor-element-19c21e2 > .elementor-background-slideshow{border-radius:10px 10px 0px 0px;}.elementor-478 .elementor-element.elementor-element-19c21e2 > .elementor-element-populated{transition:background 0.3s, border 0.3s, border-radius 0.3s, box-shadow 0.3s;margin:0px 30px 0px 30px;--e-column-margin-right:30px;--e-column-margin-left:30px;padding:0px 0px 0px 10px;}.elementor-478 .elementor-element.elementor-element-19c21e2 > .elementor-element-populated > .elementor-background-overlay{transition:background 0.3s, border-radius 0.3s, opacity 0.3s;}.elementor-478 .elementor-element.elementor-element-049c46b{text-align:justify;font-family:var( --e-global-typography-text-font-family ), Sans-serif;font-size:var( --e-global-typography-text-font-size );font-weight:var( --e-global-typography-text-font-weight );color:#000000;}.elementor-478 .elementor-element.elementor-element-c6b0442 .elementor-button{font-family:\"Lato\", Sans-serif;font-size:16px;font-weight:400;line-height:1em;fill:#FFF;color:#FFF;background-color:var( --e-global-color-secondary );border-radius:5px 5px 5px 5px;padding:18px 32px 18px 32px;}.elementor-478 .elementor-element.elementor-element-c6b0442 .elementor-button:hover, .elementor-478 .elementor-element.elementor-element-c6b0442 .elementor-button:focus{color:#FFFFFF;background-color:var( --e-global-color-primary );border-color:var( --e-global-color-primary );}.elementor-478 .elementor-element.elementor-element-c6b0442 .elementor-button:hover svg, .elementor-478 .elementor-element.elementor-element-c6b0442 .elementor-button:focus svg{fill:#FFFFFF;}.elementor-478 .elementor-element.elementor-element-c6b0442 > .elementor-widget-container{margin:0px 0px 0px 0px;}@media(max-width:1024px){.elementor-478 .elementor-element.elementor-element-12e38bf8 > .elementor-container{min-height:250px;}.elementor-478 .elementor-element.elementor-element-12e38bf8{margin-top:0px;margin-bottom:0px;padding:0px 20px 0px 20px;}.elementor-478 .elementor-element.elementor-element-6b5424ae > .elementor-element-populated{margin:0px 0px 0px 10px;--e-column-margin-right:0px;--e-column-margin-left:10px;}.elementor-478 .elementor-element.elementor-element-3307c12c{font-size:var( --e-global-typography-035c0ac-font-size );line-height:var( --e-global-typography-035c0ac-line-height );letter-spacing:var( --e-global-typography-035c0ac-letter-spacing );word-spacing:var( --e-global-typography-035c0ac-word-spacing );}.elementor-478 .elementor-element.elementor-element-7fa84cbb{font-size:var( --e-global-typography-035c0ac-font-size );line-height:var( --e-global-typography-035c0ac-line-height );letter-spacing:var( --e-global-typography-035c0ac-letter-spacing );word-spacing:var( --e-global-typography-035c0ac-word-spacing );}.elementor-478 .elementor-element.elementor-element-ed4f621{padding:040px 20px 40px 20px;}.elementor-478 .elementor-element.elementor-element-eb6991a .elementor-heading-title{font-size:var( --e-global-typography-c536074-font-size );line-height:var( --e-global-typography-c536074-line-height );letter-spacing:var( --e-global-typography-c536074-letter-spacing );word-spacing:var( --e-global-typography-c536074-word-spacing );}.elementor-478 .elementor-element.elementor-element-cac30ab > .elementor-element-populated{margin:0px 0px 0px 0px;--e-column-margin-right:0px;--e-column-margin-left:0px;padding:0px 0px 0px 0px;}.elementor-478 .elementor-element.elementor-element-8d71b8c img{width:100%;}.elementor-478 .elementor-element.elementor-element-8d71b8c > .elementor-widget-container{margin:40px 0px 0px 0px;}.elementor-478 .elementor-element.elementor-element-19c21e2 > .elementor-element-populated{margin:30px 0px 0px 0px;--e-column-margin-right:0px;--e-column-margin-left:0px;padding:0px 0px 0px 0px;}.elementor-478 .elementor-element.elementor-element-049c46b{font-size:var( --e-global-typography-text-font-size );}}@media(max-width:767px){.elementor-478 .elementor-element.elementor-element-3307c12c{font-size:var( --e-global-typography-035c0ac-font-size );line-height:var( --e-global-typography-035c0ac-line-height );letter-spacing:var( --e-global-typography-035c0ac-letter-spacing );word-spacing:var( --e-global-typography-035c0ac-word-spacing );}.elementor-478 .elementor-element.elementor-element-7fa84cbb{font-size:var( --e-global-typography-035c0ac-font-size );line-height:var( --e-global-typography-035c0ac-line-height );letter-spacing:var( --e-global-typography-035c0ac-letter-spacing );word-spacing:var( --e-global-typography-035c0ac-word-spacing );}.elementor-478 .elementor-element.elementor-element-ed4f621{padding:40px 20px 40px 20px;}.elementor-478 .elementor-element.elementor-element-eb6991a .elementor-heading-title{font-size:var( --e-global-typography-c536074-font-size );line-height:var( --e-global-typography-c536074-line-height );letter-spacing:var( --e-global-typography-c536074-letter-spacing );word-spacing:var( --e-global-typography-c536074-word-spacing );}.elementor-bc-flex-widget .elementor-478 .elementor-element.elementor-element-cac30ab.elementor-column .elementor-widget-wrap{align-items:flex-start;}.elementor-478 .elementor-element.elementor-element-cac30ab.elementor-column.elementor-element[data-element_type=\"column\"] > .elementor-widget-wrap.elementor-element-populated{align-content:flex-start;align-items:flex-start;}.elementor-478 .elementor-element.elementor-element-8d71b8c img{width:100%;}.elementor-478 .elementor-element.elementor-element-8d71b8c > .elementor-widget-container{margin:0px 0px 0px 0px;}.elementor-478 .elementor-element.elementor-element-049c46b{font-size:var( --e-global-typography-text-font-size );}.elementor-478 .elementor-element.elementor-element-c6b0442 > .elementor-widget-container{margin:0px 0px 0px 0px;}}@media(min-width:768px){.elementor-478 .elementor-element.elementor-element-cac30ab{width:50%;}.elementor-478 .elementor-element.elementor-element-19c21e2{width:50%;}}@media(max-width:1024px) and (min-width:768px){.elementor-478 .elementor-element.elementor-element-cac30ab{width:100%;}.elementor-478 .elementor-element.elementor-element-19c21e2{width:100%;}}<\/style>\t\t<div data-elementor-type=\"wp-page\" data-elementor-id=\"478\" class=\"elementor elementor-478\" data-elementor-post-type=\"page\">\n\t\t\t\t\t\t<section class=\"elementor-section elementor-top-section elementor-element elementor-element-12e38bf8 elementor-section-height-min-height elementor-section-boxed elementor-section-height-default elementor-section-items-middle\" data-id=\"12e38bf8\" data-element_type=\"section\" data-e-type=\"section\" data-settings=\"{&quot;background_background&quot;:&quot;classic&quot;}\">\n\t\t\t\t\t\t\t<div class=\"elementor-background-overlay\"><\/div>\n\t\t\t\t\t\t\t<div class=\"elementor-container elementor-column-gap-no\">\n\t\t\t\t\t<div class=\"elementor-column elementor-col-100 elementor-top-column elementor-element elementor-element-6b5424ae\" data-id=\"6b5424ae\" data-element_type=\"column\" data-e-type=\"column\">\n\t\t\t<div class=\"elementor-widget-wrap elementor-element-populated\">\n\t\t\t\t\t\t<div class=\"elementor-element elementor-element-3307c12c elementor-widget__width-auto elementor-widget elementor-widget-text-editor\" data-id=\"3307c12c\" data-element_type=\"widget\" data-e-type=\"widget\" data-widget_type=\"text-editor.default\">\n\t\t\t\t<div class=\"elementor-widget-container\">\n\t\t\t\t\t\t\t\t\t<p>Inicio\/<\/p>\t\t\t\t\t\t\t\t<\/div>\n\t\t\t\t<\/div>\n\t\t\t\t\t<\/div>\n\t\t<\/div>\n\t\t\t\t\t<\/div>\n\t\t<\/section>\n\t\t\t\t<section class=\"elementor-section elementor-top-section elementor-element elementor-element-ed4f621 elementor-section-content-middle elementor-reverse-tablet elementor-reverse-mobile elementor-section-boxed elementor-section-height-default elementor-section-height-default\" data-id=\"ed4f621\" data-element_type=\"section\" data-e-type=\"section\" data-settings=\"{&quot;background_background&quot;:&quot;classic&quot;}\">\n\t\t\t\t\t\t\t<div class=\"elementor-background-overlay\"><\/div>\n\t\t\t\t\t\t\t<div class=\"elementor-container elementor-column-gap-default\">\n\t\t\t\t\t<div class=\"elementor-column elementor-col-100 elementor-top-column elementor-element elementor-element-a4a7d22\" data-id=\"a4a7d22\" data-element_type=\"column\" data-e-type=\"column\">\n\t\t\t<div class=\"elementor-widget-wrap elementor-element-populated\">\n\t\t\t\t\t\t<div class=\"elementor-element elementor-element-eb6991a elementor-widget elementor-widget-heading\" data-id=\"eb6991a\" data-element_type=\"widget\" data-e-type=\"widget\" data-widget_type=\"heading.default\">\n\t\t\t\t<div class=\"elementor-widget-container\">\n\t\t\t\t\t<h2 class=\"elementor-heading-title elementor-size-default\">Servicio de peluquer\u00eda y ba\u00f1o para su mascota<\/h2>\t\t\t\t<\/div>\n\t\t\t\t<\/div>\n\t\t\t\t<section class=\"elementor-section elementor-inner-section elementor-element elementor-element-6f099c0 elementor-section-full_width elementor-section-height-default elementor-section-height-default\" data-id=\"6f099c0\" data-element_type=\"section\" data-e-type=\"section\">\n\t\t\t\t\t\t<div class=\"elementor-container elementor-column-gap-no\">\n\t\t\t\t\t<div class=\"elementor-column elementor-col-50 elementor-inner-column elementor-element elementor-element-cac30ab\" data-id=\"cac30ab\" data-element_type=\"column\" data-e-type=\"column\" data-settings=\"{&quot;background_background&quot;:&quot;classic&quot;}\">\n\t\t\t<div class=\"elementor-widget-wrap elementor-element-populated\">\n\t\t\t\t\t\t<div class=\"elementor-element elementor-element-8d71b8c elementor-invisible elementor-widget elementor-widget-image\" data-id=\"8d71b8c\" data-element_type=\"widget\" data-e-type=\"widget\" data-settings=\"{&quot;_animation&quot;:&quot;fadeInLeft&quot;}\" data-widget_type=\"image.default\">\n\t\t\t\t<div class=\"elementor-widget-container\">\n\t\t\t\t\t\t\t\t\t\t\t\t\t\t\t<img fetchpriority=\"high\" decoding=\"async\" width=\"305\" height=\"281\" src=\"https:\/\/www.residenciarutaplata.com\/wp-content\/uploads\/2023\/09\/peluqueria-c-1-e1694711035250.jpg\" class=\"attachment-full size-full wp-image-482\" alt=\"\" srcset=\"https:\/\/www.residenciarutaplata.com\/wp-content\/uploads\/2023\/09\/peluqueria-c-1-e1694711035250.jpg 305w, https:\/\/www.residenciarutaplata.com\/wp-content\/uploads\/2023\/09\/peluqueria-c-1-e1694711035250-300x276.jpg 300w\" sizes=\"(max-width: 305px) 100vw, 305px\" \/>\t\t\t\t\t\t\t\t\t\t\t\t\t\t\t<\/div>\n\t\t\t\t<\/div>\n\t\t\t\t\t<\/div>\n\t\t<\/div>\n\t\t\t\t<div class=\"elementor-column elementor-col-50 elementor-inner-column elementor-element elementor-element-19c21e2\" data-id=\"19c21e2\" data-element_type=\"column\" data-e-type=\"column\" data-settings=\"{&quot;background_background&quot;:&quot;classic&quot;}\">\n\t\t\t<div class=\"elementor-widget-wrap elementor-element-populated\">\n\t\t\t\t\t\t<div class=\"elementor-element elementor-element-049c46b elementor-widget elementor-widget-text-editor\" data-id=\"049c46b\" data-element_type=\"widget\" data-e-type=\"widget\" data-widget_type=\"text-editor.default\">\n\t\t\t\t<div class=\"elementor-widget-container\">\n\t\t\t\t\t\t\t\t\t<p>Disponemos de servicio de peluquer\u00eda, el coste de la peluquer\u00eda variar\u00e1 en funci\u00f3n del tama\u00f1o de su mascota. Si lo desean por un coste adicional de solo diez euros, le entregaremos a su mascota ba\u00f1ada al final de su estancia.<\/p><p><strong>Precio: A partir de 15 \u20ac<\/strong><\/p>\t\t\t\t\t\t\t\t<\/div>\n\t\t\t\t<\/div>\n\t\t\t\t<div class=\"elementor-element elementor-element-c6b0442 elementor-align-justify elementor-mobile-align-justify elementor-widget elementor-widget-button\" data-id=\"c6b0442\" data-element_type=\"widget\" data-e-type=\"widget\" data-widget_type=\"button.default\">\n\t\t\t\t<div class=\"elementor-widget-container\">\n\t\t\t\t\t\t\t\t\t<div class=\"elementor-button-wrapper\">\n\t\t\t\t\t<a class=\"elementor-button elementor-button-link elementor-size-sm\" href=\"https:\/\/www.residenciarutaplata.com\/contactar\/\">\n\t\t\t\t\t\t<span class=\"elementor-button-content-wrapper\">\n\t\t\t\t\t\t\t\t\t<span class=\"elementor-button-text\">Contactar para m\u00e1s informaci\u00f3n<\/span>\n\t\t\t\t\t<\/span>\n\t\t\t\t\t<\/a>\n\t\t\t\t<\/div>\n\t\t\t\t\t\t\t\t<\/div>\n\t\t\t\t<\/div>\n\t\t\t\t\t<\/div>\n\t\t<\/div>\n\t\t\t\t\t<\/div>\n\t\t<\/section>\n\t\t\t\t\t<\/div>\n\t\t<\/div>\n\t\t\t\t\t<\/div>\n\t\t<\/section>\n\t\t\t\t<\/div>\n\t\t","protected":false},"excerpt":{"rendered":"<p>Inicio\/ Servicio de peluquer\u00eda y ba\u00f1o para su mascota Disponemos de servicio de peluquer\u00eda, el coste de la peluquer\u00eda variar\u00e1 en funci\u00f3n del tama\u00f1o de su mascota. Si lo desean por un coste adicional de solo diez euros, le entregaremos a su mascota ba\u00f1ada al final de su estancia. Precio: A partir de 15 \u20ac&hellip;&nbsp;<a href=\"https:\/\/www.residenciarutaplata.com\/en\/peluqueria-y-bano\/\" rel=\"bookmark\"><span class=\"screen-reader-text\">Peluquer\u00eda y ba\u00f1o<\/span><\/a><\/p>","protected":false},"author":2,"featured_media":0,"parent":0,"menu_order":0,"comment_status":"closed","ping_status":"closed","template":"page-templates\/template-pagebuilder-full-width.php","meta":{"om_disable_all_campaigns":false,"_monsterinsights_skip_tracking":false,"_monsterinsights_sitenote_active":false,"_monsterinsights_sitenote_note":"","_monsterinsights_sitenote_category":0,"_uf_show_specific_survey":0,"_uf_disable_surveys":false,"neve_meta_sidebar":"","neve_meta_container":"","neve_meta_enable_content_width":"off","neve_meta_content_width":100,"neve_meta_title_alignment":"","neve_meta_author_avatar":"","neve_post_elements_order":"","neve_meta_disable_header":"","neve_meta_disable_footer":"","neve_meta_disable_title":"","footnotes":""},"class_list":["post-478","page","type-page","status-publish","hentry"],"aioseo_notices":[],"_links":{"self":[{"href":"https:\/\/www.residenciarutaplata.com\/en\/wp-json\/wp\/v2\/pages\/478","targetHints":{"allow":["GET"]}}],"collection":[{"href":"https:\/\/www.residenciarutaplata.com\/en\/wp-json\/wp\/v2\/pages"}],"about":[{"href":"https:\/\/www.residenciarutaplata.com\/en\/wp-json\/wp\/v2\/types\/page"}],"author":[{"embeddable":true,"href":"https:\/\/www.residenciarutaplata.com\/en\/wp-json\/wp\/v2\/users\/2"}],"replies":[{"embeddable":true,"href":"https:\/\/www.residenciarutaplata.com\/en\/wp-json\/wp\/v2\/comments?post=478"}],"version-history":[{"count":20,"href":"https:\/\/www.residenciarutaplata.com\/en\/wp-json\/wp\/v2\/pages\/478\/revisions"}],"predecessor-version":[{"id":985,"href":"https:\/\/www.residenciarutaplata.com\/en\/wp-json\/wp\/v2\/pages\/478\/revisions\/985"}],"wp:attachment":[{"href":"https:\/\/www.residenciarutaplata.com\/en\/wp-json\/wp\/v2\/media?parent=478"}],"curies":[{"name":"wp","href":"https:\/\/api.w.org\/{rel}","templated":true}]}}