{"id":406,"date":"2023-09-13T20:51:18","date_gmt":"2023-09-13T20:51:18","guid":{"rendered":"http:\/\/newresidenciarutaplata.com.s111-117.furanet.com\/?page_id=406"},"modified":"2023-11-03T16:47:59","modified_gmt":"2023-11-03T16:47:59","slug":"preguntas-frecuentes","status":"publish","type":"page","link":"https:\/\/www.residenciarutaplata.com\/en\/preguntas-frecuentes\/","title":{"rendered":"Preguntas frecuentes"},"content":{"rendered":"<style>.elementor-406 .elementor-element.elementor-element-12e38bf8 > .elementor-container{max-width:1300px;min-height:400px;}.elementor-406 .elementor-element.elementor-element-12e38bf8:not(.elementor-motion-effects-element-type-background), .elementor-406 .elementor-element.elementor-element-12e38bf8 > .elementor-motion-effects-container > .elementor-motion-effects-layer{background-image:url(\"https:\/\/www.residenciarutaplata.com\/wp-content\/uploads\/2023\/09\/slide1.jpg\");background-position:center center;background-repeat:no-repeat;background-size:cover;}.elementor-406 .elementor-element.elementor-element-12e38bf8 > .elementor-background-overlay{background-color:#000000;opacity:0.5;transition:background 0.3s, border-radius 0.3s, opacity 0.3s;}.elementor-406 .elementor-element.elementor-element-12e38bf8{transition:background 0.3s, border 0.3s, border-radius 0.3s, box-shadow 0.3s;margin-top:0px;margin-bottom:0px;padding:0px 0px 0px 0px;}.elementor-406 .elementor-element.elementor-element-2ed3e11f{text-align:start;}.elementor-406 .elementor-element.elementor-element-2ed3e11f .elementor-heading-title{font-family:\"Noto Sans\", Sans-serif;font-size:48px;font-weight:800;color:#FFFFFF;}.elementor-406 .elementor-element.elementor-element-3307c12c{text-align:end;font-family:var( --e-global-typography-035c0ac-font-family ), Sans-serif;font-size:var( --e-global-typography-035c0ac-font-size );font-weight:var( --e-global-typography-035c0ac-font-weight );line-height:var( --e-global-typography-035c0ac-line-height );letter-spacing:var( --e-global-typography-035c0ac-letter-spacing );word-spacing:var( --e-global-typography-035c0ac-word-spacing );color:var( --e-global-color-e9f01f8 );width:auto;max-width:auto;}.elementor-406 .elementor-element.elementor-element-3307c12c > .elementor-widget-container{margin:0px 0px 0px 0px;padding:0px 5px 0px 15px;border-style:solid;border-width:0px 0px 0px 02px;border-color:var( --e-global-color-e9f01f8 );}.elementor-406 .elementor-element.elementor-element-7fa84cbb{text-align:end;font-family:var( --e-global-typography-035c0ac-font-family ), Sans-serif;font-size:var( --e-global-typography-035c0ac-font-size );font-weight:var( --e-global-typography-035c0ac-font-weight );line-height:var( --e-global-typography-035c0ac-line-height );letter-spacing:var( --e-global-typography-035c0ac-letter-spacing );word-spacing:var( --e-global-typography-035c0ac-word-spacing );color:#FFFFFF;width:auto;max-width:auto;}.elementor-406 .elementor-element.elementor-element-7fa84cbb > .elementor-widget-container{margin:0px 0px 0px 0px;padding:0px 0px 0px 0px;}.elementor-406 .elementor-element.elementor-element-ed4f621 > .elementor-container{max-width:1300px;}.elementor-406 .elementor-element.elementor-element-ed4f621 > .elementor-container > .elementor-column > .elementor-widget-wrap{align-content:center;align-items:center;}.elementor-406 .elementor-element.elementor-element-ed4f621{transition:background 0.3s, border 0.3s, border-radius 0.3s, box-shadow 0.3s;padding:80px 0px 80px 0px;}.elementor-406 .elementor-element.elementor-element-ed4f621 > .elementor-background-overlay{transition:background 0.3s, border-radius 0.3s, opacity 0.3s;}.elementor-406 .elementor-element.elementor-element-c0fd1ea{text-align:center;font-family:\"Lato\", Sans-serif;font-size:30px;font-weight:400;color:var( --e-global-color-e9f01f8 );}.elementor-406 .elementor-element.elementor-element-c0fd1ea > .elementor-widget-container{margin:0px 0px -30px 0px;padding:0px 0px 0px 15px;}.elementor-406 .elementor-element.elementor-element-9d837d0 .elementor-toggle-title, .elementor-406 .elementor-element.elementor-element-9d837d0 .elementor-toggle-icon{color:var( --e-global-color-primary );}.elementor-406 .elementor-element.elementor-element-9d837d0 .elementor-toggle-icon svg{fill:var( --e-global-color-primary );}.elementor-406 .elementor-element.elementor-element-9d837d0 .elementor-tab-title.elementor-active a, .elementor-406 .elementor-element.elementor-element-9d837d0 .elementor-tab-title.elementor-active .elementor-toggle-icon{color:var( --e-global-color-secondary );}.elementor-406 .elementor-element.elementor-element-9d837d0 .elementor-tab-content{color:#050505;}@media(max-width:1024px){.elementor-406 .elementor-element.elementor-element-12e38bf8 > .elementor-container{min-height:250px;}.elementor-406 .elementor-element.elementor-element-12e38bf8{margin-top:0px;margin-bottom:0px;padding:0px 20px 0px 20px;}.elementor-406 .elementor-element.elementor-element-6b5424ae > .elementor-element-populated{margin:0px 0px 0px 10px;--e-column-margin-right:0px;--e-column-margin-left:10px;}.elementor-406 .elementor-element.elementor-element-3307c12c{font-size:var( --e-global-typography-035c0ac-font-size );line-height:var( --e-global-typography-035c0ac-line-height );letter-spacing:var( --e-global-typography-035c0ac-letter-spacing );word-spacing:var( --e-global-typography-035c0ac-word-spacing );}.elementor-406 .elementor-element.elementor-element-7fa84cbb{font-size:var( --e-global-typography-035c0ac-font-size );line-height:var( --e-global-typography-035c0ac-line-height );letter-spacing:var( --e-global-typography-035c0ac-letter-spacing );word-spacing:var( --e-global-typography-035c0ac-word-spacing );}.elementor-406 .elementor-element.elementor-element-ed4f621{padding:040px 20px 40px 20px;}}@media(max-width:767px){.elementor-406 .elementor-element.elementor-element-3307c12c{font-size:var( --e-global-typography-035c0ac-font-size );line-height:var( --e-global-typography-035c0ac-line-height );letter-spacing:var( --e-global-typography-035c0ac-letter-spacing );word-spacing:var( --e-global-typography-035c0ac-word-spacing );}.elementor-406 .elementor-element.elementor-element-7fa84cbb{font-size:var( --e-global-typography-035c0ac-font-size );line-height:var( --e-global-typography-035c0ac-line-height );letter-spacing:var( --e-global-typography-035c0ac-letter-spacing );word-spacing:var( --e-global-typography-035c0ac-word-spacing );}.elementor-406 .elementor-element.elementor-element-ed4f621{padding:40px 20px 40px 20px;}}<\/style>\t\t<div data-elementor-type=\"wp-page\" data-elementor-id=\"406\" class=\"elementor elementor-406\" data-elementor-post-type=\"page\">\n\t\t\t\t\t\t<section class=\"elementor-section elementor-top-section elementor-element elementor-element-12e38bf8 elementor-section-height-min-height elementor-section-boxed elementor-section-height-default elementor-section-items-middle\" data-id=\"12e38bf8\" data-element_type=\"section\" data-e-type=\"section\" data-settings=\"{&quot;background_background&quot;:&quot;classic&quot;}\">\n\t\t\t\t\t\t\t<div class=\"elementor-background-overlay\"><\/div>\n\t\t\t\t\t\t\t<div class=\"elementor-container elementor-column-gap-no\">\n\t\t\t\t\t<div class=\"elementor-column elementor-col-100 elementor-top-column elementor-element elementor-element-6b5424ae\" data-id=\"6b5424ae\" data-element_type=\"column\" data-e-type=\"column\">\n\t\t\t<div class=\"elementor-widget-wrap elementor-element-populated\">\n\t\t\t\t\t\t<div class=\"elementor-element elementor-element-3307c12c elementor-widget__width-auto elementor-widget elementor-widget-text-editor\" data-id=\"3307c12c\" data-element_type=\"widget\" data-e-type=\"widget\" data-widget_type=\"text-editor.default\">\n\t\t\t\t<div class=\"elementor-widget-container\">\n\t\t\t\t\t\t\t\t\t<p>Inicio\/<\/p>\t\t\t\t\t\t\t\t<\/div>\n\t\t\t\t<\/div>\n\t\t\t\t\t<\/div>\n\t\t<\/div>\n\t\t\t\t\t<\/div>\n\t\t<\/section>\n\t\t\t\t<section class=\"elementor-section elementor-top-section elementor-element elementor-element-ed4f621 elementor-section-content-middle elementor-reverse-tablet elementor-reverse-mobile elementor-section-boxed elementor-section-height-default elementor-section-height-default\" data-id=\"ed4f621\" data-element_type=\"section\" data-e-type=\"section\" data-settings=\"{&quot;background_background&quot;:&quot;classic&quot;}\">\n\t\t\t\t\t\t\t<div class=\"elementor-background-overlay\"><\/div>\n\t\t\t\t\t\t\t<div class=\"elementor-container elementor-column-gap-default\">\n\t\t\t\t\t<div class=\"elementor-column elementor-col-100 elementor-top-column elementor-element elementor-element-a4a7d22\" data-id=\"a4a7d22\" data-element_type=\"column\" data-e-type=\"column\">\n\t\t\t<div class=\"elementor-widget-wrap elementor-element-populated\">\n\t\t\t\t\t\t<div class=\"elementor-element elementor-element-c0fd1ea elementor-widget elementor-widget-text-editor\" data-id=\"c0fd1ea\" data-element_type=\"widget\" data-e-type=\"widget\" data-widget_type=\"text-editor.default\">\n\t\t\t\t<div class=\"elementor-widget-container\">\n\t\t\t\t\t\t\t\t\t<p>Preguntas frecuentes sobre tu mascota<\/p>\t\t\t\t\t\t\t\t<\/div>\n\t\t\t\t<\/div>\n\t\t\t\t<div class=\"elementor-element elementor-element-9d837d0 elementor-widget elementor-widget-toggle\" data-id=\"9d837d0\" data-element_type=\"widget\" data-e-type=\"widget\" data-widget_type=\"toggle.default\">\n\t\t\t\t<div class=\"elementor-widget-container\">\n\t\t\t\t\t\t\t<div class=\"elementor-toggle\">\n\t\t\t\t\t\t\t<div class=\"elementor-toggle-item\">\n\t\t\t\t\t<div id=\"elementor-tab-title-1651\" class=\"elementor-tab-title\" data-tab=\"1\" role=\"button\" aria-controls=\"elementor-tab-content-1651\" aria-expanded=\"false\">\n\t\t\t\t\t\t\t\t\t\t\t\t<span class=\"elementor-toggle-icon elementor-toggle-icon-left\" aria-hidden=\"true\">\n\t\t\t\t\t\t\t\t\t\t\t\t\t\t\t<span class=\"elementor-toggle-icon-closed\"><i class=\"fas fa-caret-right\"><\/i><\/span>\n\t\t\t\t\t\t\t\t<span class=\"elementor-toggle-icon-opened\"><i class=\"elementor-toggle-icon-opened fas fa-caret-up\"><\/i><\/span>\n\t\t\t\t\t\t\t\t\t\t\t\t\t<\/span>\n\t\t\t\t\t\t\t\t\t\t\t\t<a class=\"elementor-toggle-title\" tabindex=\"0\">\u00bfQu\u00e9 es la tos de las perreras?<\/a>\n\t\t\t\t\t<\/div>\n\n\t\t\t\t\t<div id=\"elementor-tab-content-1651\" class=\"elementor-tab-content elementor-clearfix\" data-tab=\"1\" role=\"region\" aria-labelledby=\"elementor-tab-title-1651\"><p>Es una enfermedad muy com\u00fan y f\u00e1cil de tratar. Los cambios de temperatura, los paseos al anochecer en invierno favorecen la multiplicaci\u00f3n de estos casos. Es una patolog\u00eda muy contagiosa, aunque no suele presentar complicaciones. Se localiza exclisivamente en las v\u00edas altas.<\/p><\/div>\n\t\t\t\t<\/div>\n\t\t\t\t\t\t\t<div class=\"elementor-toggle-item\">\n\t\t\t\t\t<div id=\"elementor-tab-title-1652\" class=\"elementor-tab-title\" data-tab=\"2\" role=\"button\" aria-controls=\"elementor-tab-content-1652\" aria-expanded=\"false\">\n\t\t\t\t\t\t\t\t\t\t\t\t<span class=\"elementor-toggle-icon elementor-toggle-icon-left\" aria-hidden=\"true\">\n\t\t\t\t\t\t\t\t\t\t\t\t\t\t\t<span class=\"elementor-toggle-icon-closed\"><i class=\"fas fa-caret-right\"><\/i><\/span>\n\t\t\t\t\t\t\t\t<span class=\"elementor-toggle-icon-opened\"><i class=\"elementor-toggle-icon-opened fas fa-caret-up\"><\/i><\/span>\n\t\t\t\t\t\t\t\t\t\t\t\t\t<\/span>\n\t\t\t\t\t\t\t\t\t\t\t\t<a class=\"elementor-toggle-title\" tabindex=\"0\">\u00bfComo se transmite?<\/a>\n\t\t\t\t\t<\/div>\n\n\t\t\t\t\t<div id=\"elementor-tab-content-1652\" class=\"elementor-tab-content elementor-clearfix\" data-tab=\"2\" role=\"region\" aria-labelledby=\"elementor-tab-title-1652\"><p>Se realiza por contacto directo, por v\u00eda a\u00e9rea, ya que se reduce a trav\u00e9s de las gotas que expulsa al estornudar o al toser. Este hace que un solo ejemplar pueda contagiar a muchos, al jugar en el parque en la calle, etc.<\/p><\/div>\n\t\t\t\t<\/div>\n\t\t\t\t\t\t\t<div class=\"elementor-toggle-item\">\n\t\t\t\t\t<div id=\"elementor-tab-title-1653\" class=\"elementor-tab-title\" data-tab=\"3\" role=\"button\" aria-controls=\"elementor-tab-content-1653\" aria-expanded=\"false\">\n\t\t\t\t\t\t\t\t\t\t\t\t<span class=\"elementor-toggle-icon elementor-toggle-icon-left\" aria-hidden=\"true\">\n\t\t\t\t\t\t\t\t\t\t\t\t\t\t\t<span class=\"elementor-toggle-icon-closed\"><i class=\"fas fa-caret-right\"><\/i><\/span>\n\t\t\t\t\t\t\t\t<span class=\"elementor-toggle-icon-opened\"><i class=\"elementor-toggle-icon-opened fas fa-caret-up\"><\/i><\/span>\n\t\t\t\t\t\t\t\t\t\t\t\t\t<\/span>\n\t\t\t\t\t\t\t\t\t\t\t\t<a class=\"elementor-toggle-title\" tabindex=\"0\">\u00bfCuales son los s\u00edntomas?<\/a>\n\t\t\t\t\t<\/div>\n\n\t\t\t\t\t<div id=\"elementor-tab-content-1653\" class=\"elementor-tab-content elementor-clearfix\" data-tab=\"3\" role=\"region\" aria-labelledby=\"elementor-tab-title-1653\"><div><article class=\"ac-small\"><p>El s\u00edntoma mas destacado es tos seca muy marcada, suele agudizarse con el ejercicio f\u00edsico o en estados de excitaci\u00f3n.<\/p><\/article><\/div><\/div>\n\t\t\t\t<\/div>\n\t\t\t\t\t\t\t<div class=\"elementor-toggle-item\">\n\t\t\t\t\t<div id=\"elementor-tab-title-1654\" class=\"elementor-tab-title\" data-tab=\"4\" role=\"button\" aria-controls=\"elementor-tab-content-1654\" aria-expanded=\"false\">\n\t\t\t\t\t\t\t\t\t\t\t\t<span class=\"elementor-toggle-icon elementor-toggle-icon-left\" aria-hidden=\"true\">\n\t\t\t\t\t\t\t\t\t\t\t\t\t\t\t<span class=\"elementor-toggle-icon-closed\"><i class=\"fas fa-caret-right\"><\/i><\/span>\n\t\t\t\t\t\t\t\t<span class=\"elementor-toggle-icon-opened\"><i class=\"elementor-toggle-icon-opened fas fa-caret-up\"><\/i><\/span>\n\t\t\t\t\t\t\t\t\t\t\t\t\t<\/span>\n\t\t\t\t\t\t\t\t\t\t\t\t<a class=\"elementor-toggle-title\" tabindex=\"0\">\u00bfEs grave?<\/a>\n\t\t\t\t\t<\/div>\n\n\t\t\t\t\t<div id=\"elementor-tab-content-1654\" class=\"elementor-tab-content elementor-clearfix\" data-tab=\"4\" role=\"region\" aria-labelledby=\"elementor-tab-title-1654\"><div><article class=\"ac-small\"><p>Esta enfermedad no es grave, (solo en cachorros muy peque\u00f1os o animales inmunodeprimidos) ya que en la mayor\u00eda de los casos suele remitir a las dos semanas.<\/p><\/article><\/div><\/div>\n\t\t\t\t<\/div>\n\t\t\t\t\t\t\t<div class=\"elementor-toggle-item\">\n\t\t\t\t\t<div id=\"elementor-tab-title-1655\" class=\"elementor-tab-title\" data-tab=\"5\" role=\"button\" aria-controls=\"elementor-tab-content-1655\" aria-expanded=\"false\">\n\t\t\t\t\t\t\t\t\t\t\t\t<span class=\"elementor-toggle-icon elementor-toggle-icon-left\" aria-hidden=\"true\">\n\t\t\t\t\t\t\t\t\t\t\t\t\t\t\t<span class=\"elementor-toggle-icon-closed\"><i class=\"fas fa-caret-right\"><\/i><\/span>\n\t\t\t\t\t\t\t\t<span class=\"elementor-toggle-icon-opened\"><i class=\"elementor-toggle-icon-opened fas fa-caret-up\"><\/i><\/span>\n\t\t\t\t\t\t\t\t\t\t\t\t\t<\/span>\n\t\t\t\t\t\t\t\t\t\t\t\t<a class=\"elementor-toggle-title\" tabindex=\"0\">\u00bfQue precauciones podemos tomar?<\/a>\n\t\t\t\t\t<\/div>\n\n\t\t\t\t\t<div id=\"elementor-tab-content-1655\" class=\"elementor-tab-content elementor-clearfix\" data-tab=\"5\" role=\"region\" aria-labelledby=\"elementor-tab-title-1655\"><div><article class=\"ac-medium\"><p>L\u00f3gicamente no podemos impedir que nuestra mascota se relaciones con otros perros y juegue junto a ellos , por lo que siempre existe el riesgo. Es aconsejable vacunarlos anualmente, aun vacunados pueden llegar a padecerla, pero en menor grado. En definitiva nuestras mascotas sufren una especie de gripe canina que no tiene mayores complicaciones que las que solemos padecer nosotros.<\/p><\/article><\/div><div>\u00a0<\/div><\/div>\n\t\t\t\t<\/div>\n\t\t\t\t\t\t\t<div class=\"elementor-toggle-item\">\n\t\t\t\t\t<div id=\"elementor-tab-title-1656\" class=\"elementor-tab-title\" data-tab=\"6\" role=\"button\" aria-controls=\"elementor-tab-content-1656\" aria-expanded=\"false\">\n\t\t\t\t\t\t\t\t\t\t\t\t<span class=\"elementor-toggle-icon elementor-toggle-icon-left\" aria-hidden=\"true\">\n\t\t\t\t\t\t\t\t\t\t\t\t\t\t\t<span class=\"elementor-toggle-icon-closed\"><i class=\"fas fa-caret-right\"><\/i><\/span>\n\t\t\t\t\t\t\t\t<span class=\"elementor-toggle-icon-opened\"><i class=\"elementor-toggle-icon-opened fas fa-caret-up\"><\/i><\/span>\n\t\t\t\t\t\t\t\t\t\t\t\t\t<\/span>\n\t\t\t\t\t\t\t\t\t\t\t\t<a class=\"elementor-toggle-title\" tabindex=\"0\">\u00bfEs necesario llevar sus platos, comida, cama?<\/a>\n\t\t\t\t\t<\/div>\n\n\t\t\t\t\t<div id=\"elementor-tab-content-1656\" class=\"elementor-tab-content elementor-clearfix\" data-tab=\"6\" role=\"region\" aria-labelledby=\"elementor-tab-title-1656\"><div><article class=\"ac-medium\"><p>No es necesario traer ni comedero ni bebedero. Respecto a la alimentaci\u00f3n disponemos de alimentaci\u00f3n de gama alta de las mejores marcas del mercado. A no ser que tome una alimentaci\u00f3n especifica a alguna patolog\u00eda que le haya prescrito su veterinario. Respecto a las camas en nuestras instalaciones disponemos de camas y mantitas. Si lo desean pueden traer la que utilicen habitualmente en casa, eso lo dejo a elecci\u00f3n del propietario.<\/p><\/article><\/div><\/div>\n\t\t\t\t<\/div>\n\t\t\t\t\t\t\t<div class=\"elementor-toggle-item\">\n\t\t\t\t\t<div id=\"elementor-tab-title-1657\" class=\"elementor-tab-title\" data-tab=\"7\" role=\"button\" aria-controls=\"elementor-tab-content-1657\" aria-expanded=\"false\">\n\t\t\t\t\t\t\t\t\t\t\t\t<span class=\"elementor-toggle-icon elementor-toggle-icon-left\" aria-hidden=\"true\">\n\t\t\t\t\t\t\t\t\t\t\t\t\t\t\t<span class=\"elementor-toggle-icon-closed\"><i class=\"fas fa-caret-right\"><\/i><\/span>\n\t\t\t\t\t\t\t\t<span class=\"elementor-toggle-icon-opened\"><i class=\"elementor-toggle-icon-opened fas fa-caret-up\"><\/i><\/span>\n\t\t\t\t\t\t\t\t\t\t\t\t\t<\/span>\n\t\t\t\t\t\t\t\t\t\t\t\t<a class=\"elementor-toggle-title\" tabindex=\"0\">\u00bfQue necesito para llevarlo?<\/a>\n\t\t\t\t\t<\/div>\n\n\t\t\t\t\t<div id=\"elementor-tab-content-1657\" class=\"elementor-tab-content elementor-clearfix\" data-tab=\"7\" role=\"region\" aria-labelledby=\"elementor-tab-title-1657\"><div><article class=\"ac-large\"><p>Es necesario tener sus vacunas al d\u00eda, (deben traer su cartilla veterinaria o pasaporte) desparasitaci\u00f3n interna y externa(bien collar antiparasitario o pipeta). adem\u00e1s aconsejamos en el caso de los perros la vacuna de la tos de las perreras. Esta vacuna debe ponerse con anterioridad a la llegada a nuestras instalaciones, para que est\u00e9n protegidos adecuadamente. Les aconsejamos que consulten con su veterinario de confianza. Si no reunen estas condiciones higienico-sanitaria no podr\u00e1n acceder a nuestras instalaciones por la salud de su mascota y de las que ya est\u00e1n alojadas en nuestro centro.<\/p><\/article><\/div><\/div>\n\t\t\t\t<\/div>\n\t\t\t\t\t\t\t<div class=\"elementor-toggle-item\">\n\t\t\t\t\t<div id=\"elementor-tab-title-1658\" class=\"elementor-tab-title\" data-tab=\"8\" role=\"button\" aria-controls=\"elementor-tab-content-1658\" aria-expanded=\"false\">\n\t\t\t\t\t\t\t\t\t\t\t\t<span class=\"elementor-toggle-icon elementor-toggle-icon-left\" aria-hidden=\"true\">\n\t\t\t\t\t\t\t\t\t\t\t\t\t\t\t<span class=\"elementor-toggle-icon-closed\"><i class=\"fas fa-caret-right\"><\/i><\/span>\n\t\t\t\t\t\t\t\t<span class=\"elementor-toggle-icon-opened\"><i class=\"elementor-toggle-icon-opened fas fa-caret-up\"><\/i><\/span>\n\t\t\t\t\t\t\t\t\t\t\t\t\t<\/span>\n\t\t\t\t\t\t\t\t\t\t\t\t<a class=\"elementor-toggle-title\" tabindex=\"0\">\u00bfSalen de paseo?<\/a>\n\t\t\t\t\t<\/div>\n\n\t\t\t\t\t<div id=\"elementor-tab-content-1658\" class=\"elementor-tab-content elementor-clearfix\" data-tab=\"8\" role=\"region\" aria-labelledby=\"elementor-tab-title-1658\"><div><article class=\"ac-small\"><p>Nuestros hu\u00e9spedes salen de paseo por la ma\u00f1ana y por la tarde, disponemos de treinta y cinco patios de recreo adem\u00e1s de una superficie de m\u00e1s de cinco mil metros de c\u00e9sped, con pista de agility.<\/p><\/article><\/div><\/div>\n\t\t\t\t<\/div>\n\t\t\t\t\t\t\t<div class=\"elementor-toggle-item\">\n\t\t\t\t\t<div id=\"elementor-tab-title-1659\" class=\"elementor-tab-title\" data-tab=\"9\" role=\"button\" aria-controls=\"elementor-tab-content-1659\" aria-expanded=\"false\">\n\t\t\t\t\t\t\t\t\t\t\t\t<span class=\"elementor-toggle-icon elementor-toggle-icon-left\" aria-hidden=\"true\">\n\t\t\t\t\t\t\t\t\t\t\t\t\t\t\t<span class=\"elementor-toggle-icon-closed\"><i class=\"fas fa-caret-right\"><\/i><\/span>\n\t\t\t\t\t\t\t\t<span class=\"elementor-toggle-icon-opened\"><i class=\"elementor-toggle-icon-opened fas fa-caret-up\"><\/i><\/span>\n\t\t\t\t\t\t\t\t\t\t\t\t\t<\/span>\n\t\t\t\t\t\t\t\t\t\t\t\t<a class=\"elementor-toggle-title\" tabindex=\"0\">\u00bfTienen calefacci\u00f3n?<\/a>\n\t\t\t\t\t<\/div>\n\n\t\t\t\t\t<div id=\"elementor-tab-content-1659\" class=\"elementor-tab-content elementor-clearfix\" data-tab=\"9\" role=\"region\" aria-labelledby=\"elementor-tab-title-1659\"><div><article class=\"ac-small\"><p>Todas las habitaciones disponen de sistema frio\/calor dependiendo de la fecha del a\u00f1o en la que nos encontremos.<\/p><\/article><\/div><\/div>\n\t\t\t\t<\/div>\n\t\t\t\t\t\t\t<div class=\"elementor-toggle-item\">\n\t\t\t\t\t<div id=\"elementor-tab-title-16510\" class=\"elementor-tab-title\" data-tab=\"10\" role=\"button\" aria-controls=\"elementor-tab-content-16510\" aria-expanded=\"false\">\n\t\t\t\t\t\t\t\t\t\t\t\t<span class=\"elementor-toggle-icon elementor-toggle-icon-left\" aria-hidden=\"true\">\n\t\t\t\t\t\t\t\t\t\t\t\t\t\t\t<span class=\"elementor-toggle-icon-closed\"><i class=\"fas fa-caret-right\"><\/i><\/span>\n\t\t\t\t\t\t\t\t<span class=\"elementor-toggle-icon-opened\"><i class=\"elementor-toggle-icon-opened fas fa-caret-up\"><\/i><\/span>\n\t\t\t\t\t\t\t\t\t\t\t\t\t<\/span>\n\t\t\t\t\t\t\t\t\t\t\t\t<a class=\"elementor-toggle-title\" tabindex=\"0\">\u00bfTienen servicios que peluquer\u00eda y ba\u00f1o?<\/a>\n\t\t\t\t\t<\/div>\n\n\t\t\t\t\t<div id=\"elementor-tab-content-16510\" class=\"elementor-tab-content elementor-clearfix\" data-tab=\"10\" role=\"region\" aria-labelledby=\"elementor-tab-title-16510\"><div><article class=\"ac-small\"><p>Si lo desea tras la estancia disponemos de servicio de ba\u00f1o y peluquer\u00eda consulte nuestras tarifas.<\/p><\/article><\/div><\/div>\n\t\t\t\t<\/div>\n\t\t\t\t\t\t\t<div class=\"elementor-toggle-item\">\n\t\t\t\t\t<div id=\"elementor-tab-title-16511\" class=\"elementor-tab-title\" data-tab=\"11\" role=\"button\" aria-controls=\"elementor-tab-content-16511\" aria-expanded=\"false\">\n\t\t\t\t\t\t\t\t\t\t\t\t<span class=\"elementor-toggle-icon elementor-toggle-icon-left\" aria-hidden=\"true\">\n\t\t\t\t\t\t\t\t\t\t\t\t\t\t\t<span class=\"elementor-toggle-icon-closed\"><i class=\"fas fa-caret-right\"><\/i><\/span>\n\t\t\t\t\t\t\t\t<span class=\"elementor-toggle-icon-opened\"><i class=\"elementor-toggle-icon-opened fas fa-caret-up\"><\/i><\/span>\n\t\t\t\t\t\t\t\t\t\t\t\t\t<\/span>\n\t\t\t\t\t\t\t\t\t\t\t\t<a class=\"elementor-toggle-title\" tabindex=\"0\">\u00bfY si mi perro necesita curas o medicaci\u00f3n durante su estancia?<\/a>\n\t\t\t\t\t<\/div>\n\n\t\t\t\t\t<div id=\"elementor-tab-content-16511\" class=\"elementor-tab-content elementor-clearfix\" data-tab=\"11\" role=\"region\" aria-labelledby=\"elementor-tab-title-16511\"><article class=\"ac-small\"><p>Disponemos de un servicio en el caso de las mascotas que lo necesiten tanto en el caso de curas o medicaciones siempre bajo la supervisi\u00f3n de su veterinario habitual.<\/p><\/article><\/div>\n\t\t\t\t<\/div>\n\t\t\t\t\t\t\t\t<\/div>\n\t\t\t\t\t\t<\/div>\n\t\t\t\t<\/div>\n\t\t\t\t\t<\/div>\n\t\t<\/div>\n\t\t\t\t\t<\/div>\n\t\t<\/section>\n\t\t\t\t<\/div>","protected":false},"excerpt":{"rendered":"<p>Inicio\/ Preguntas frecuentes sobre tu mascota \u00bfQu\u00e9 es la tos de las perreras? Es una enfermedad muy com\u00fan y f\u00e1cil de tratar. Los cambios de temperatura, los paseos al anochecer en invierno favorecen la multiplicaci\u00f3n de estos casos. Es una patolog\u00eda muy contagiosa, aunque no suele presentar complicaciones. Se localiza exclisivamente en las v\u00edas altas.&hellip;&nbsp;<a href=\"https:\/\/www.residenciarutaplata.com\/en\/preguntas-frecuentes\/\" rel=\"bookmark\"><span class=\"screen-reader-text\">Preguntas frecuentes<\/span><\/a><\/p>","protected":false},"author":2,"featured_media":0,"parent":0,"menu_order":0,"comment_status":"closed","ping_status":"closed","template":"page-templates\/template-pagebuilder-full-width.php","meta":{"om_disable_all_campaigns":false,"_monsterinsights_skip_tracking":false,"_monsterinsights_sitenote_active":false,"_monsterinsights_sitenote_note":"","_monsterinsights_sitenote_category":0,"_uf_show_specific_survey":0,"_uf_disable_surveys":false,"neve_meta_sidebar":"","neve_meta_container":"","neve_meta_enable_content_width":"off","neve_meta_content_width":100,"neve_meta_title_alignment":"","neve_meta_author_avatar":"","neve_post_elements_order":"","neve_meta_disable_header":"","neve_meta_disable_footer":"","neve_meta_disable_title":"","footnotes":""},"class_list":["post-406","page","type-page","status-publish","hentry"],"aioseo_notices":[],"_links":{"self":[{"href":"https:\/\/www.residenciarutaplata.com\/en\/wp-json\/wp\/v2\/pages\/406","targetHints":{"allow":["GET"]}}],"collection":[{"href":"https:\/\/www.residenciarutaplata.com\/en\/wp-json\/wp\/v2\/pages"}],"about":[{"href":"https:\/\/www.residenciarutaplata.com\/en\/wp-json\/wp\/v2\/types\/page"}],"author":[{"embeddable":true,"href":"https:\/\/www.residenciarutaplata.com\/en\/wp-json\/wp\/v2\/users\/2"}],"replies":[{"embeddable":true,"href":"https:\/\/www.residenciarutaplata.com\/en\/wp-json\/wp\/v2\/comments?post=406"}],"version-history":[{"count":7,"href":"https:\/\/www.residenciarutaplata.com\/en\/wp-json\/wp\/v2\/pages\/406\/revisions"}],"predecessor-version":[{"id":876,"href":"https:\/\/www.residenciarutaplata.com\/en\/wp-json\/wp\/v2\/pages\/406\/revisions\/876"}],"wp:attachment":[{"href":"https:\/\/www.residenciarutaplata.com\/en\/wp-json\/wp\/v2\/media?parent=406"}],"curies":[{"name":"wp","href":"https:\/\/api.w.org\/{rel}","templated":true}]}}